{"id":17,"date":"2025-06-18T10:44:40","date_gmt":"2025-06-18T08:44:40","guid":{"rendered":"http:\/\/manonsara.sites.3wa.io\/Wordpress\/wordpress\/?page_id=17"},"modified":"2025-06-18T16:46:15","modified_gmt":"2025-06-18T14:46:15","slug":"home","status":"publish","type":"page","link":"http:\/\/manonsara.sites.3wa.io\/Wordpress\/wordpress\/","title":{"rendered":"Accueil"},"content":{"rendered":"\n<p>Salut, moi c\u2019est L\u00e9a Moreau \ud83d\udc4b<\/p>\n\n\n\n<p>D\u00e9veloppeur web passionn\u00e9, actuellement \u00e9tudiant en Bachelor D\u00e9veloppement Web \u00e0 l\u2019\u00e9cole WebTech \u00e0 Lyon.<\/p>\n\n\n\n<p>J\u2019aime cr\u00e9er des interfaces modernes, intuitives et accessibles. Entre design pixel-perfect et code bien structur\u00e9, je cherche toujours \u00e0 proposer des solutions utiles et \u00e9l\u00e9gantes.<\/p>\n\n\n\n<p>\ud83d\udd0d D\u00e9couvrez mon univers :<br>\u2192<a href=\"http:\/\/manonsara.sites.3wa.io\/Wordpress\/wordpress\/?page_id=2\" data-type=\"page\" data-id=\"2\"> \u00c0 propos<\/a><br>\u2192 <a href=\"http:\/\/manonsara.sites.3wa.io\/Wordpress\/wordpress\/?page_id=66\" data-type=\"page\" data-id=\"66\">Mes r\u00e9alisations<br><\/a>\u2192<a href=\"http:\/\/manonsara.sites.3wa.io\/Wordpress\/wordpress\/?page_id=69\" data-type=\"page\" data-id=\"69\"> Me contacter<\/a><\/p>\n\n\n\n<p><\/p>\n","protected":false},"excerpt":{"rendered":"<p>Salut, moi c\u2019est L\u00e9a Moreau \ud83d\udc4b D\u00e9veloppeur web passionn\u00e9, actuellement \u00e9tudiant en Bachelor D\u00e9veloppement Web \u00e0 l\u2019\u00e9cole WebTech \u00e0 Lyon. [&hellip;]<\/p>\n","protected":false},"author":1,"featured_media":0,"parent":0,"menu_order":0,"comment_status":"closed","ping_status":"closed","template":"","meta":{"site-sidebar-layout":"no-sidebar","site-content-layout":"plain-container","ast-site-content-layout":"default","site-content-style":"default","site-sidebar-style":"default","ast-global-header-display":"","ast-banner-title-visibility":"","ast-main-header-display":"","ast-hfb-above-header-display":"","ast-hfb-below-header-display":"","ast-hfb-mobile-header-display":"","site-post-title":"disabled","ast-breadcrumbs-content":"","ast-featured-img":"","footer-sml-layout":"","theme-transparent-header-meta":"disabled","adv-header-id-meta":"","stick-header-meta":"","header-above-stick-meta":"","header-main-stick-meta":"","header-below-stick-meta":"","astra-migrate-meta-layouts":"default","ast-page-background-enabled":"default","ast-page-background-meta":{"desktop":{"background-color":"var(--ast-global-color-5)","background-image":"","background-repeat":"repeat","background-position":"center center","background-size":"auto","background-attachment":"scroll","background-type":"","background-media":"","overlay-type":"","overlay-color":"","overlay-opacity":"","overlay-gradient":""},"tablet":{"background-color":"","background-image":"","background-repeat":"repeat","background-position":"center center","background-size":"auto","background-attachment":"scroll","background-type":"","background-media":"","overlay-type":"","overlay-color":"","overlay-opacity":"","overlay-gradient":""},"mobile":{"background-color":"","background-image":"","background-repeat":"repeat","background-position":"center center","background-size":"auto","background-attachment":"scroll","background-type":"","background-media":"","overlay-type":"","overlay-color":"","overlay-opacity":"","overlay-gradient":""}},"ast-content-background-meta":{"desktop":{"background-color":"var(--ast-global-color-4)","background-image":"","background-repeat":"repeat","background-position":"center center","background-size":"auto","background-attachment":"scroll","background-type":"","background-media":"","overlay-type":"","overlay-color":"","overlay-opacity":"","overlay-gradient":""},"tablet":{"background-color":"var(--ast-global-color-4)","background-image":"","background-repeat":"repeat","background-position":"center center","background-size":"auto","background-attachment":"scroll","background-type":"","background-media":"","overlay-type":"","overlay-color":"","overlay-opacity":"","overlay-gradient":""},"mobile":{"background-color":"var(--ast-global-color-4)","background-image":"","background-repeat":"repeat","background-position":"center center","background-size":"auto","background-attachment":"scroll","background-type":"","background-media":"","overlay-type":"","overlay-color":"","overlay-opacity":"","overlay-gradient":""}},"footnotes":""},"class_list":["post-17","page","type-page","status-publish","hentry"],"_links":{"self":[{"href":"http:\/\/manonsara.sites.3wa.io\/Wordpress\/wordpress\/wp-json\/wp\/v2\/pages\/17","targetHints":{"allow":["GET"]}}],"collection":[{"href":"http:\/\/manonsara.sites.3wa.io\/Wordpress\/wordpress\/wp-json\/wp\/v2\/pages"}],"about":[{"href":"http:\/\/manonsara.sites.3wa.io\/Wordpress\/wordpress\/wp-json\/wp\/v2\/types\/page"}],"author":[{"embeddable":true,"href":"http:\/\/manonsara.sites.3wa.io\/Wordpress\/wordpress\/wp-json\/wp\/v2\/users\/1"}],"replies":[{"embeddable":true,"href":"http:\/\/manonsara.sites.3wa.io\/Wordpress\/wordpress\/wp-json\/wp\/v2\/comments?post=17"}],"version-history":[{"count":6,"href":"http:\/\/manonsara.sites.3wa.io\/Wordpress\/wordpress\/wp-json\/wp\/v2\/pages\/17\/revisions"}],"predecessor-version":[{"id":84,"href":"http:\/\/manonsara.sites.3wa.io\/Wordpress\/wordpress\/wp-json\/wp\/v2\/pages\/17\/revisions\/84"}],"wp:attachment":[{"href":"http:\/\/manonsara.sites.3wa.io\/Wordpress\/wordpress\/wp-json\/wp\/v2\/media?parent=17"}],"curies":[{"name":"wp","href":"https:\/\/api.w.org\/{rel}","templated":true}]}}