{"id":66,"date":"2025-06-18T14:06:47","date_gmt":"2025-06-18T12:06:47","guid":{"rendered":"http:\/\/manonsara.sites.3wa.io\/Wordpress\/wordpress\/?page_id=66"},"modified":"2025-06-18T14:06:47","modified_gmt":"2025-06-18T12:06:47","slug":"mes-realisations","status":"publish","type":"page","link":"http:\/\/manonsara.sites.3wa.io\/Wordpress\/wordpress\/mes-realisations\/","title":{"rendered":"Mes r\u00e9alisations"},"content":{"rendered":"\n<p>\ud83d\ude80 Portfolio v2 (2025)<\/p>\n\n\n\n<blockquote class=\"wp-block-quote is-layout-flow wp-block-quote-is-layout-flow\">\n<p>Mon portfolio actuel, r\u00e9alis\u00e9 avec Next.js, Tailwind et anim\u00e9 avec Framer Motion.<br>[R\u00f4le] : Design + int\u00e9gration compl\u00e8te<br>\ud83d\udd17 <a href=\"#\">Voir le code<\/a> \u2013 <a href=\"#\">D\u00e9mo en ligne<\/a><\/p>\n<\/blockquote>\n\n\n\n<p>\ud83d\udcf1 App \u201cFoodMood\u201d (2024)<\/p>\n\n\n\n<blockquote class=\"wp-block-quote is-layout-flow wp-block-quote-is-layout-flow\">\n<p>Application web responsive pour trouver des recettes en fonction des ingr\u00e9dients disponibles.<br>[R\u00f4le] : D\u00e9veloppement front-end, appels API, gestion des \u00e9tats<br>\ud83d\udd17 <a href=\"#\">Voir le code<\/a><\/p>\n<\/blockquote>\n\n\n\n<p>\ud83c\udfa8 Site vitrine \u201cEvent\u2019Connect\u201d (2023)<\/p>\n\n\n\n<blockquote class=\"wp-block-quote is-layout-flow wp-block-quote-is-layout-flow\">\n<p>Site pour un \u00e9v\u00e9nement culturel fictif (projet d&rsquo;\u00e9cole), responsive et optimis\u00e9 SEO.<br>[R\u00f4le] : Int\u00e9gration HTML\/CSS + animation JavaScript<br>\ud83d\udd17 <a href=\"#\">Voir le projet<\/a><\/p>\n<\/blockquote>\n\n\n\n<p><\/p>\n","protected":false},"excerpt":{"rendered":"<p>\ud83d\ude80 Portfolio v2 (2025) Mon portfolio actuel, r\u00e9alis\u00e9 avec Next.js, Tailwind et anim\u00e9 avec Framer Motion.[R\u00f4le] : Design + int\u00e9gration [&hellip;]<\/p>\n","protected":false},"author":1,"featured_media":0,"parent":0,"menu_order":0,"comment_status":"closed","ping_status":"closed","template":"","meta":{"site-sidebar-layout":"default","site-content-layout":"","ast-site-content-layout":"default","site-content-style":"default","site-sidebar-style":"default","ast-global-header-display":"","ast-banner-title-visibility":"","ast-main-header-display":"","ast-hfb-above-header-display":"","ast-hfb-below-header-display":"","ast-hfb-mobile-header-display":"","site-post-title":"","ast-breadcrumbs-content":"","ast-featured-img":"","footer-sml-layout":"","theme-transparent-header-meta":"","adv-header-id-meta":"","stick-header-meta":"","header-above-stick-meta":"","header-main-stick-meta":"","header-below-stick-meta":"","astra-migrate-meta-layouts":"default","ast-page-background-enabled":"default","ast-page-background-meta":{"desktop":{"background-color":"var(--ast-global-color-5)","background-image":"","background-repeat":"repeat","background-position":"center center","background-size":"auto","background-attachment":"scroll","background-type":"","background-media":"","overlay-type":"","overlay-color":"","overlay-opacity":"","overlay-gradient":""},"tablet":{"background-color":"","background-image":"","background-repeat":"repeat","background-position":"center center","background-size":"auto","background-attachment":"scroll","background-type":"","background-media":"","overlay-type":"","overlay-color":"","overlay-opacity":"","overlay-gradient":""},"mobile":{"background-color":"","background-image":"","background-repeat":"repeat","background-position":"center center","background-size":"auto","background-attachment":"scroll","background-type":"","background-media":"","overlay-type":"","overlay-color":"","overlay-opacity":"","overlay-gradient":""}},"ast-content-background-meta":{"desktop":{"background-color":"var(--ast-global-color-4)","background-image":"","background-repeat":"repeat","background-position":"center center","background-size":"auto","background-attachment":"scroll","background-type":"","background-media":"","overlay-type":"","overlay-color":"","overlay-opacity":"","overlay-gradient":""},"tablet":{"background-color":"var(--ast-global-color-4)","background-image":"","background-repeat":"repeat","background-position":"center center","background-size":"auto","background-attachment":"scroll","background-type":"","background-media":"","overlay-type":"","overlay-color":"","overlay-opacity":"","overlay-gradient":""},"mobile":{"background-color":"var(--ast-global-color-4)","background-image":"","background-repeat":"repeat","background-position":"center center","background-size":"auto","background-attachment":"scroll","background-type":"","background-media":"","overlay-type":"","overlay-color":"","overlay-opacity":"","overlay-gradient":""}},"footnotes":""},"class_list":["post-66","page","type-page","status-publish","hentry"],"_links":{"self":[{"href":"http:\/\/manonsara.sites.3wa.io\/Wordpress\/wordpress\/wp-json\/wp\/v2\/pages\/66","targetHints":{"allow":["GET"]}}],"collection":[{"href":"http:\/\/manonsara.sites.3wa.io\/Wordpress\/wordpress\/wp-json\/wp\/v2\/pages"}],"about":[{"href":"http:\/\/manonsara.sites.3wa.io\/Wordpress\/wordpress\/wp-json\/wp\/v2\/types\/page"}],"author":[{"embeddable":true,"href":"http:\/\/manonsara.sites.3wa.io\/Wordpress\/wordpress\/wp-json\/wp\/v2\/users\/1"}],"replies":[{"embeddable":true,"href":"http:\/\/manonsara.sites.3wa.io\/Wordpress\/wordpress\/wp-json\/wp\/v2\/comments?post=66"}],"version-history":[{"count":1,"href":"http:\/\/manonsara.sites.3wa.io\/Wordpress\/wordpress\/wp-json\/wp\/v2\/pages\/66\/revisions"}],"predecessor-version":[{"id":67,"href":"http:\/\/manonsara.sites.3wa.io\/Wordpress\/wordpress\/wp-json\/wp\/v2\/pages\/66\/revisions\/67"}],"wp:attachment":[{"href":"http:\/\/manonsara.sites.3wa.io\/Wordpress\/wordpress\/wp-json\/wp\/v2\/media?parent=66"}],"curies":[{"name":"wp","href":"https:\/\/api.w.org\/{rel}","templated":true}]}}